{"id":70,"date":"2022-05-31T14:50:33","date_gmt":"2022-05-31T12:50:33","guid":{"rendered":"https:\/\/chatelmotorshow.ch\/?page_id=70"},"modified":"2026-02-24T11:12:40","modified_gmt":"2026-02-24T10:12:40","slug":"sponsors","status":"publish","type":"page","link":"https:\/\/chatelmotorshow.ch\/index.php\/sponsors\/","title":{"rendered":"Sponsors"},"content":{"rendered":"<p>[et_pb_section fb_built=\u00a0\u00bb1&Prime; disabled_on=\u00a0\u00bboff|off|off\u00a0\u00bb admin_label=\u00a0\u00bbHeader Section\u00a0\u00bb _builder_version=\u00a0\u00bb4.24.2&Prime; _module_preset=\u00a0\u00bbdefault\u00a0\u00bb use_background_color_gradient=\u00a0\u00bbon\u00a0\u00bb background_color_gradient_stops=\u00a0\u00bbrgba(20,61,88,0.65) 0%|#143d58 100%\u00a0\u00bb background_color_gradient_overlays_image=\u00a0\u00bbon\u00a0\u00bb background_color_gradient_start=\u00a0\u00bbrgba(20,61,88,0.65)\u00a0\u00bb background_color_gradient_end=\u00a0\u00bb#143d58&Prime; background_image=\u00a0\u00bbhttp:\/\/chatelmotorshow.ch\/wp-content\/uploads\/2024\/11\/7V8A0152-01-scaled.jpeg\u00a0\u00bb custom_margin=\u00a0\u00bb|||\u00a0\u00bb custom_padding=\u00a0\u00bb6vw|0px|6vw|0px\u00a0\u00bb bottom_divider_style=\u00a0\u00bbmountains2&Prime; bottom_divider_color=\u00a0\u00bbrgba(5,41,66,0.3)\u00a0\u00bb bottom_divider_height=\u00a0\u00bb20vw\u00a0\u00bb animation_style=\u00a0\u00bbslide\u00a0\u00bb animation_direction=\u00a0\u00bbtop\u00a0\u00bb animation_intensity_slide=\u00a0\u00bb3%\u00a0\u00bb animation_starting_opacity=\u00a0\u00bb100%\u00a0\u00bb global_colors_info=\u00a0\u00bb{}\u00a0\u00bb][et_pb_row disabled_on=\u00a0\u00bboff|off|off\u00a0\u00bb module_class=\u00a0\u00bb et_pb_row_fullwidth\u00a0\u00bb _builder_version=\u00a0\u00bb4.16&Prime; _module_preset=\u00a0\u00bbdefault\u00a0\u00bb width=\u00a0\u00bb89%\u00a0\u00bb width_tablet=\u00a0\u00bb80%\u00a0\u00bb width_phone=\u00a0\u00bb80%\u00a0\u00bb width_last_edited=\u00a0\u00bbon|desktop\u00a0\u00bb max_width=\u00a0\u00bb89%\u00a0\u00bb max_width_tablet=\u00a0\u00bb80%\u00a0\u00bb max_width_phone=\u00a0\u00bb80%\u00a0\u00bb max_width_last_edited=\u00a0\u00bbon|desktop\u00a0\u00bb custom_padding=\u00a0\u00bb|||\u00a0\u00bb make_fullwidth=\u00a0\u00bbon\u00a0\u00bb global_colors_info=\u00a0\u00bb{}\u00a0\u00bb][et_pb_column type=\u00a0\u00bb4_4&Prime; _builder_version=\u00a0\u00bb4.16&Prime; _module_preset=\u00a0\u00bbdefault\u00a0\u00bb custom_padding=\u00a0\u00bb|||\u00a0\u00bb global_colors_info=\u00a0\u00bb{}\u00a0\u00bb custom_padding__hover=\u00a0\u00bb|||\u00a0\u00bb][et_pb_text content_tablet=\u00a0\u00bb<\/p>\n<h1>Sponsors<\/h1>\n<p>\u00a0\u00bb content_phone=\u00a0\u00bb<\/p>\n<h2>Sponsors<\/h2>\n<p>\u00a0\u00bb content_last_edited=\u00a0\u00bbon|phone\u00a0\u00bb disabled_on=\u00a0\u00bboff|off|off\u00a0\u00bb _builder_version=\u00a0\u00bb4.17.4&Prime; _module_preset=\u00a0\u00bbdefault\u00a0\u00bb text_font=\u00a0\u00bbMontserrat||||||||\u00a0\u00bb text_font_size=\u00a0\u00bb22px\u00a0\u00bb text_line_height=\u00a0\u00bb1.8em\u00a0\u00bb header_font=\u00a0\u00bbMontserrat|600||on|||||\u00a0\u00bb header_text_align=\u00a0\u00bbcenter\u00a0\u00bb header_font_size=\u00a0\u00bb8vw\u00a0\u00bb header_line_height=\u00a0\u00bb1.5em\u00a0\u00bb text_orientation=\u00a0\u00bbcenter\u00a0\u00bb background_layout=\u00a0\u00bbdark\u00a0\u00bb custom_margin=\u00a0\u00bb|||\u00a0\u00bb header_font_size_tablet=\u00a0\u00bb50px\u00a0\u00bb header_font_size_phone=\u00a0\u00bb\u00a0\u00bb header_font_size_last_edited=\u00a0\u00bbon|desktop\u00a0\u00bb header_line_height_tablet=\u00a0\u00bb1.1em\u00a0\u00bb header_line_height_phone=\u00a0\u00bb1.2em\u00a0\u00bb header_line_height_last_edited=\u00a0\u00bboff|desktop\u00a0\u00bb global_colors_info=\u00a0\u00bb{}\u00a0\u00bb]<\/p>\n<h1>Sponsors<\/h1>\n<p>[\/et_pb_text][\/et_pb_column][\/et_pb_row][\/et_pb_section][et_pb_section fb_built=\u00a0\u00bb1&Prime; _builder_version=\u00a0\u00bb4.17.4&Prime; _module_preset=\u00a0\u00bbdefault\u00a0\u00bb global_colors_info=\u00a0\u00bb{}\u00a0\u00bb][et_pb_row _builder_version=\u00a0\u00bb4.20.4&Prime; _module_preset=\u00a0\u00bbdefault\u00a0\u00bb min_height=\u00a0\u00bb260.1px\u00a0\u00bb custom_padding=\u00a0\u00bb||38px|||\u00a0\u00bb global_colors_info=\u00a0\u00bb{}\u00a0\u00bb][et_pb_column type=\u00a0\u00bb4_4&Prime; _builder_version=\u00a0\u00bb4.20.4&Prime; _module_preset=\u00a0\u00bbdefault\u00a0\u00bb global_colors_info=\u00a0\u00bb{}\u00a0\u00bb][et_pb_text _builder_version=\u00a0\u00bb4.20.4&Prime; _module_preset=\u00a0\u00bbdefault\u00a0\u00bb global_colors_info=\u00a0\u00bb{}\u00a0\u00bb]<\/p>\n<h4>Si vous souhaitez sponsoriser l&rsquo;\u00e9venement, veuillez nous faire un mail \u00e0 chatelmotorshow@gmail.com.<\/h4>\n<p>[\/et_pb_text][et_pb_text content_tablet=\u00a0\u00bb<\/p>\n<h1><span style=%22color: #0000ff;%22><strong><a href=%22http:\/\/chatelmotorshow.ch\/wp-content\/uploads\/2026\/02\/Telecharger-le-dossier-sponsoring-2026.pdf%22 rel=%22attachment wp-att-1261%22 style=%22color: #0000ff;%22>T\u00e9l\u00e9charger le dossier sponsoring 2026<\/a><\/strong><\/span><\/h1>\n<p>\u00a0\u00bb content_phone=\u00a0\u00bb<\/p>\n<h1><span style=%22color: #0000ff;%22><strong><a href=%22http:\/\/chatelmotorshow.ch\/wp-content\/uploads\/2026\/02\/Telecharger-le-dossier-sponsoring-2026.pdf%22 rel=%22attachment wp-att-1261%22 style=%22color: #0000ff;%22>T\u00e9l\u00e9charger le dossier sponsoring 2026<\/a><\/strong><\/span><\/h1>\n<p>\u00a0\u00bb content_last_edited=\u00a0\u00bbon|phone\u00a0\u00bb _builder_version=\u00a0\u00bb4.27.5&Prime; _module_preset=\u00a0\u00bbdefault\u00a0\u00bb global_colors_info=\u00a0\u00bb{}\u00a0\u00bb]<\/p>\n<h1><span style=\"color: #0000ff;\"><strong><a href=\"http:\/\/chatelmotorshow.ch\/wp-content\/uploads\/2026\/02\/Telecharger-le-dossier-sponsoring-2026.pdf\" rel=\"attachment wp-att-1261\" style=\"color: #0000ff;\">T\u00e9l\u00e9charger le dossier sponsoring 2026<\/a><\/strong><\/span><\/h1>\n<p>[\/et_pb_text][\/et_pb_column][\/et_pb_row][et_pb_row column_structure=\u00a0\u00bb1_3,1_3,1_3&Prime; disabled_on=\u00a0\u00bboff|off|off\u00a0\u00bb _builder_version=\u00a0\u00bb4.24.2&Prime; _module_preset=\u00a0\u00bbdefault\u00a0\u00bb module_alignment=\u00a0\u00bbcenter\u00a0\u00bb global_colors_info=\u00a0\u00bb{}\u00a0\u00bb][et_pb_column type=\u00a0\u00bb1_3&Prime; _builder_version=\u00a0\u00bb4.17.4&Prime; _module_preset=\u00a0\u00bbdefault\u00a0\u00bb global_colors_info=\u00a0\u00bb{}\u00a0\u00bb][et_pb_image src=\u00a0\u00bbhttp:\/\/chatelmotorshow.ch\/wp-content\/uploads\/2022\/06\/atelier78.png\u00a0\u00bb title_text=\u00a0\u00bbatelier78&Prime; _builder_version=\u00a0\u00bb4.24.2&Prime; _module_preset=\u00a0\u00bbdefault\u00a0\u00bb width=\u00a0\u00bb84.8%\u00a0\u00bb global_colors_info=\u00a0\u00bb{}\u00a0\u00bb][\/et_pb_image][\/et_pb_column][et_pb_column type=\u00a0\u00bb1_3&Prime; _builder_version=\u00a0\u00bb4.17.4&Prime; _module_preset=\u00a0\u00bbdefault\u00a0\u00bb global_colors_info=\u00a0\u00bb{}\u00a0\u00bb][et_pb_image src=\u00a0\u00bbhttp:\/\/chatelmotorshow.ch\/wp-content\/uploads\/2022\/06\/rosselet.png\u00a0\u00bb title_text=\u00a0\u00bbrosselet\u00a0\u00bb _builder_version=\u00a0\u00bb4.20.4&Prime; _module_preset=\u00a0\u00bbdefault\u00a0\u00bb custom_margin=\u00a0\u00bb|||-31px||\u00a0\u00bb global_colors_info=\u00a0\u00bb{}\u00a0\u00bb][\/et_pb_image][\/et_pb_column][et_pb_column type=\u00a0\u00bb1_3&Prime; _builder_version=\u00a0\u00bb4.17.4&Prime; _module_preset=\u00a0\u00bbdefault\u00a0\u00bb global_colors_info=\u00a0\u00bb{}\u00a0\u00bb][et_pb_image src=\u00a0\u00bbhttp:\/\/chatelmotorshow.ch\/wp-content\/uploads\/2024\/08\/CARD_Logo_Dachmarke_pos_19.png\u00a0\u00bb title_text=\u00a0\u00bbCARD_Logo_Dachmarke_pos_19&Prime; _builder_version=\u00a0\u00bb4.24.2&Prime; _module_preset=\u00a0\u00bbdefault\u00a0\u00bb global_colors_info=\u00a0\u00bb{}\u00a0\u00bb][\/et_pb_image][\/et_pb_column][\/et_pb_row][et_pb_row column_structure=\u00a0\u00bb1_3,1_3,1_3&Prime; _builder_version=\u00a0\u00bb4.20.4&Prime; _module_preset=\u00a0\u00bbdefault\u00a0\u00bb custom_margin=\u00a0\u00bb|auto|33px|auto||\u00a0\u00bb global_colors_info=\u00a0\u00bb{}\u00a0\u00bb][et_pb_column type=\u00a0\u00bb1_3&Prime; _builder_version=\u00a0\u00bb4.20.4&Prime; _module_preset=\u00a0\u00bbdefault\u00a0\u00bb global_colors_info=\u00a0\u00bb{}\u00a0\u00bb][et_pb_image src=\u00a0\u00bbhttp:\/\/chatelmotorshow.ch\/wp-content\/uploads\/2022\/08\/Logo-Mesa-SET-scaled.jpg\u00a0\u00bb title_text=\u00a0\u00bbAutocolllant digiprint\u00a0\u00bb _builder_version=\u00a0\u00bb4.24.2&Prime; _module_preset=\u00a0\u00bbdefault\u00a0\u00bb global_colors_info=\u00a0\u00bb{}\u00a0\u00bb][\/et_pb_image][\/et_pb_column][et_pb_column type=\u00a0\u00bb1_3&Prime; _builder_version=\u00a0\u00bb4.20.4&Prime; _module_preset=\u00a0\u00bbdefault\u00a0\u00bb global_colors_info=\u00a0\u00bb{}\u00a0\u00bb][et_pb_image src=\u00a0\u00bbhttp:\/\/chatelmotorshow.ch\/wp-content\/uploads\/2024\/05\/Logo_Viper_Smoke.png\u00a0\u00bb title_text=\u00a0\u00bbLogo_Viper_Smoke\u00a0\u00bb _builder_version=\u00a0\u00bb4.24.2&Prime; _module_preset=\u00a0\u00bbdefault\u00a0\u00bb custom_margin=\u00a0\u00bb||6px|||\u00a0\u00bb custom_padding=\u00a0\u00bb|68px||||\u00a0\u00bb global_colors_info=\u00a0\u00bb{}\u00a0\u00bb][\/et_pb_image][\/et_pb_column][et_pb_column type=\u00a0\u00bb1_3&Prime; _builder_version=\u00a0\u00bb4.20.4&Prime; _module_preset=\u00a0\u00bbdefault\u00a0\u00bb global_colors_info=\u00a0\u00bb{}\u00a0\u00bb][et_pb_image src=\u00a0\u00bbhttp:\/\/chatelmotorshow.ch\/wp-content\/uploads\/2022\/07\/Evolink-SA1.jpg\u00a0\u00bb title_text=\u00a0\u00bbEvolink SA1&Prime; _builder_version=\u00a0\u00bb4.24.2&Prime; _module_preset=\u00a0\u00bbdefault\u00a0\u00bb width=\u00a0\u00bb100%\u00a0\u00bb custom_padding=\u00a0\u00bb|0px||||\u00a0\u00bb global_colors_info=\u00a0\u00bb{}\u00a0\u00bb][\/et_pb_image][\/et_pb_column][\/et_pb_row][et_pb_row column_structure=\u00a0\u00bb1_3,1_3,1_3&Prime; _builder_version=\u00a0\u00bb4.24.2&Prime; _module_preset=\u00a0\u00bbdefault\u00a0\u00bb custom_margin=\u00a0\u00bb|auto|-8px|auto||\u00a0\u00bb global_colors_info=\u00a0\u00bb{}\u00a0\u00bb][et_pb_column type=\u00a0\u00bb1_3&Prime; _builder_version=\u00a0\u00bb4.20.4&Prime; _module_preset=\u00a0\u00bbdefault\u00a0\u00bb global_colors_info=\u00a0\u00bb{}\u00a0\u00bb][et_pb_image src=\u00a0\u00bbhttp:\/\/chatelmotorshow.ch\/wp-content\/uploads\/2026\/02\/Logo-riviera-couleurs-2026-scaled.jpg\u00a0\u00bb title_text=\u00a0\u00bbLogo riviera couleurs 2026&Prime; src_tablet=\u00a0\u00bbhttp:\/\/chatelmotorshow.ch\/wp-content\/uploads\/2026\/02\/Logo-riviera-couleurs-2026-scaled.jpg\u00a0\u00bb src_phone=\u00a0\u00bbhttp:\/\/chatelmotorshow.ch\/wp-content\/uploads\/2026\/02\/Logo-riviera-couleurs-2026-scaled.jpg\u00a0\u00bb src_last_edited=\u00a0\u00bbon|phone\u00a0\u00bb disabled_on=\u00a0\u00bboff|off|off\u00a0\u00bb _builder_version=\u00a0\u00bb4.27.5&Prime; _module_preset=\u00a0\u00bbdefault\u00a0\u00bb hover_enabled=\u00a0\u00bb0&Prime; global_colors_info=\u00a0\u00bb{}\u00a0\u00bb sticky_enabled=\u00a0\u00bb0&Prime;][\/et_pb_image][\/et_pb_column][et_pb_column type=\u00a0\u00bb1_3&Prime; _builder_version=\u00a0\u00bb4.20.4&Prime; _module_preset=\u00a0\u00bbdefault\u00a0\u00bb global_colors_info=\u00a0\u00bb{}\u00a0\u00bb][et_pb_image src=\u00a0\u00bbhttp:\/\/chatelmotorshow.ch\/wp-content\/uploads\/2024\/08\/HD-Pro-Moto.png\u00a0\u00bb title_text=\u00a0\u00bbHD &#8211; Pro Moto\u00a0\u00bb src_tablet=\u00a0\u00bbhttp:\/\/chatelmotorshow.ch\/wp-content\/uploads\/2024\/08\/HD-Pro-Moto.png\u00a0\u00bb src_phone=\u00a0\u00bbhttp:\/\/chatelmotorshow.ch\/wp-content\/uploads\/2024\/08\/HD-Pro-Moto.png\u00a0\u00bb src_last_edited=\u00a0\u00bbon|phone\u00a0\u00bb _builder_version=\u00a0\u00bb4.27.4&Prime; _module_preset=\u00a0\u00bbdefault\u00a0\u00bb width=\u00a0\u00bb79.8%\u00a0\u00bb global_colors_info=\u00a0\u00bb{}\u00a0\u00bb][\/et_pb_image][\/et_pb_column][et_pb_column type=\u00a0\u00bb1_3&Prime; _builder_version=\u00a0\u00bb4.20.4&Prime; _module_preset=\u00a0\u00bbdefault\u00a0\u00bb global_colors_info=\u00a0\u00bb{}\u00a0\u00bb][et_pb_image src=\u00a0\u00bbhttp:\/\/chatelmotorshow.ch\/wp-content\/uploads\/2025\/07\/GARAGE-DES-PONTS-1-pdf.jpg\u00a0\u00bb title_text=\u00a0\u00bbGARAGE DES PONTS\u00a0\u00bb src_tablet=\u00a0\u00bbhttp:\/\/chatelmotorshow.ch\/wp-content\/uploads\/2025\/07\/GARAGE-DES-PONTS-2-pdf.jpg\u00a0\u00bb src_phone=\u00a0\u00bbhttp:\/\/chatelmotorshow.ch\/wp-content\/uploads\/2025\/07\/GARAGE-DES-PONTS-3-pdf.jpg\u00a0\u00bb src_last_edited=\u00a0\u00bbon|phone\u00a0\u00bb disabled_on=\u00a0\u00bboff|off|off\u00a0\u00bb _builder_version=\u00a0\u00bb4.27.4&Prime; _module_preset=\u00a0\u00bbdefault\u00a0\u00bb global_colors_info=\u00a0\u00bb{}\u00a0\u00bb][\/et_pb_image][\/et_pb_column][\/et_pb_row][et_pb_row column_structure=\u00a0\u00bb2_3,1_3&Prime; _builder_version=\u00a0\u00bb4.20.4&Prime; _module_preset=\u00a0\u00bbdefault\u00a0\u00bb min_height=\u00a0\u00bb295px\u00a0\u00bb global_colors_info=\u00a0\u00bb{}\u00a0\u00bb][et_pb_column type=\u00a0\u00bb2_3&Prime; _builder_version=\u00a0\u00bb4.20.4&Prime; _module_preset=\u00a0\u00bbdefault\u00a0\u00bb global_colors_info=\u00a0\u00bb{}\u00a0\u00bb][et_pb_image src=\u00a0\u00bbhttp:\/\/chatelmotorshow.ch\/wp-content\/uploads\/2024\/08\/Plasma.jpg\u00a0\u00bb title_text=\u00a0\u00bbPlasma\u00a0\u00bb src_tablet=\u00a0\u00bbhttp:\/\/chatelmotorshow.ch\/wp-content\/uploads\/2024\/08\/R.-Peter-AG.png\u00a0\u00bb src_phone=\u00a0\u00bbhttp:\/\/chatelmotorshow.ch\/wp-content\/uploads\/2024\/08\/R.-Peter-AG.png\u00a0\u00bb src_last_edited=\u00a0\u00bboff|desktop\u00a0\u00bb disabled_on=\u00a0\u00bboff|off|off\u00a0\u00bb _builder_version=\u00a0\u00bb4.24.2&Prime; _module_preset=\u00a0\u00bbdefault\u00a0\u00bb width=\u00a0\u00bb100%\u00a0\u00bb min_height=\u00a0\u00bb41.5px\u00a0\u00bb global_colors_info=\u00a0\u00bb{}\u00a0\u00bb][\/et_pb_image][\/et_pb_column][et_pb_column type=\u00a0\u00bb1_3&Prime; _builder_version=\u00a0\u00bb4.20.4&Prime; _module_preset=\u00a0\u00bbdefault\u00a0\u00bb global_colors_info=\u00a0\u00bb{}\u00a0\u00bb][et_pb_image src=\u00a0\u00bbhttp:\/\/chatelmotorshow.ch\/wp-content\/uploads\/2024\/08\/Warson-seul.png\u00a0\u00bb alt=\u00a0\u00bbLogo chatel\u00a0\u00bb title_text=\u00a0\u00bbWarson seul\u00a0\u00bb _builder_version=\u00a0\u00bb4.24.2&Prime; _module_preset=\u00a0\u00bbdefault\u00a0\u00bb width=\u00a0\u00bb100%\u00a0\u00bb min_height=\u00a0\u00bb222px\u00a0\u00bb global_colors_info=\u00a0\u00bb{}\u00a0\u00bb][\/et_pb_image][\/et_pb_column][\/et_pb_row][et_pb_row column_structure=\u00a0\u00bb1_3,1_3,1_3&Prime; _builder_version=\u00a0\u00bb4.20.4&Prime; _module_preset=\u00a0\u00bbdefault\u00a0\u00bb min_height=\u00a0\u00bb317px\u00a0\u00bb custom_margin=\u00a0\u00bb|auto|39px|auto||\u00a0\u00bb global_colors_info=\u00a0\u00bb{}\u00a0\u00bb][et_pb_column type=\u00a0\u00bb1_3&Prime; _builder_version=\u00a0\u00bb4.20.4&Prime; _module_preset=\u00a0\u00bbdefault\u00a0\u00bb global_colors_info=\u00a0\u00bb{}\u00a0\u00bb][et_pb_image src=\u00a0\u00bbhttp:\/\/chatelmotorshow.ch\/wp-content\/uploads\/2025\/07\/Echaffaudages-2000-png.png\u00a0\u00bb title_text=\u00a0\u00bbEchaffaudages 2000 png\u00a0\u00bb src_tablet=\u00a0\u00bbhttp:\/\/chatelmotorshow.ch\/wp-content\/uploads\/2025\/07\/Echaffaudages-2000-png.png\u00a0\u00bb src_phone=\u00a0\u00bbhttp:\/\/chatelmotorshow.ch\/wp-content\/uploads\/2025\/07\/Echaffaudages-2000-png.png\u00a0\u00bb src_last_edited=\u00a0\u00bbon|phone\u00a0\u00bb disabled_on=\u00a0\u00bboff|off|off\u00a0\u00bb _builder_version=\u00a0\u00bb4.27.4&Prime; _module_preset=\u00a0\u00bbdefault\u00a0\u00bb custom_margin=\u00a0\u00bb||86px|||\u00a0\u00bb custom_padding=\u00a0\u00bb2px|||||\u00a0\u00bb global_colors_info=\u00a0\u00bb{}\u00a0\u00bb][\/et_pb_image][\/et_pb_column][et_pb_column type=\u00a0\u00bb1_3&Prime; _builder_version=\u00a0\u00bb4.20.4&Prime; _module_preset=\u00a0\u00bbdefault\u00a0\u00bb global_colors_info=\u00a0\u00bb{}\u00a0\u00bb][et_pb_image src=\u00a0\u00bbhttp:\/\/chatelmotorshow.ch\/wp-content\/uploads\/2024\/08\/Coquoz.png\u00a0\u00bb alt=\u00a0\u00bbLogo chatel\u00a0\u00bb title_text=\u00a0\u00bbCoquoz\u00a0\u00bb _builder_version=\u00a0\u00bb4.24.2&Prime; _module_preset=\u00a0\u00bbdefault\u00a0\u00bb width=\u00a0\u00bb95.5%\u00a0\u00bb min_height=\u00a0\u00bb146.8px\u00a0\u00bb custom_padding=\u00a0\u00bb|0px||||\u00a0\u00bb global_colors_info=\u00a0\u00bb{}\u00a0\u00bb][\/et_pb_image][\/et_pb_column][et_pb_column type=\u00a0\u00bb1_3&Prime; _builder_version=\u00a0\u00bb4.20.4&Prime; _module_preset=\u00a0\u00bbdefault\u00a0\u00bb global_colors_info=\u00a0\u00bb{}\u00a0\u00bb][et_pb_image src=\u00a0\u00bbhttp:\/\/chatelmotorshow.ch\/wp-content\/uploads\/2024\/08\/Commune-chatel-st-Denis.png\u00a0\u00bb title_text=\u00a0\u00bbCommune ch\u00e2tel-st-Denis\u00a0\u00bb src_tablet=\u00a0\u00bbhttp:\/\/chatelmotorshow.ch\/wp-content\/uploads\/2023\/07\/Boucherie-Blanc.png\u00a0\u00bb src_phone=\u00a0\u00bbhttp:\/\/chatelmotorshow.ch\/wp-content\/uploads\/2023\/07\/Boucherie-Blanc.png\u00a0\u00bb src_last_edited=\u00a0\u00bboff|desktop\u00a0\u00bb disabled_on=\u00a0\u00bboff|off|off\u00a0\u00bb _builder_version=\u00a0\u00bb4.24.2&Prime; _module_preset=\u00a0\u00bbdefault\u00a0\u00bb global_colors_info=\u00a0\u00bb{}\u00a0\u00bb][\/et_pb_image][\/et_pb_column][\/et_pb_row][et_pb_row column_structure=\u00a0\u00bb1_3,1_3,1_3&Prime; _builder_version=\u00a0\u00bb4.27.4&Prime; _module_preset=\u00a0\u00bbdefault\u00a0\u00bb min_height=\u00a0\u00bb314px\u00a0\u00bb custom_margin=\u00a0\u00bb-104px|auto|39px|auto||\u00a0\u00bb custom_padding=\u00a0\u00bb91px|||||\u00a0\u00bb global_colors_info=\u00a0\u00bb{}\u00a0\u00bb][et_pb_column type=\u00a0\u00bb1_3&Prime; _builder_version=\u00a0\u00bb4.20.4&Prime; _module_preset=\u00a0\u00bbdefault\u00a0\u00bb global_colors_info=\u00a0\u00bb{}\u00a0\u00bb][et_pb_image src=\u00a0\u00bbhttp:\/\/chatelmotorshow.ch\/wp-content\/uploads\/2025\/07\/Chrissoptique-logo.jpg\u00a0\u00bb title_text=\u00a0\u00bbChrissoptique logo\u00a0\u00bb src_tablet=\u00a0\u00bbhttp:\/\/chatelmotorshow.ch\/wp-content\/uploads\/2025\/07\/Chrissoptique-logo.jpg\u00a0\u00bb src_phone=\u00a0\u00bbhttp:\/\/chatelmotorshow.ch\/wp-content\/uploads\/2025\/07\/Chrissoptique-logo.jpg\u00a0\u00bb src_last_edited=\u00a0\u00bbon|phone\u00a0\u00bb disabled_on=\u00a0\u00bboff|off|off\u00a0\u00bb _builder_version=\u00a0\u00bb4.27.4&Prime; _module_preset=\u00a0\u00bbdefault\u00a0\u00bb width=\u00a0\u00bb118.8%\u00a0\u00bb custom_margin=\u00a0\u00bb|-43px|86px|||\u00a0\u00bb custom_padding=\u00a0\u00bb2px|54px|58px|||\u00a0\u00bb global_colors_info=\u00a0\u00bb{}\u00a0\u00bb][\/et_pb_image][\/et_pb_column][et_pb_column type=\u00a0\u00bb1_3&Prime; _builder_version=\u00a0\u00bb4.20.4&Prime; _module_preset=\u00a0\u00bbdefault\u00a0\u00bb global_colors_info=\u00a0\u00bb{}\u00a0\u00bb][et_pb_image src=\u00a0\u00bbhttp:\/\/chatelmotorshow.ch\/wp-content\/uploads\/2025\/07\/ACS-FR-n-bl-pt.jpg\u00a0\u00bb title_text=\u00a0\u00bbACS-FR n-bl-pt\u00a0\u00bb src_tablet=\u00a0\u00bbhttp:\/\/chatelmotorshow.ch\/wp-content\/uploads\/2025\/07\/ACS-FR-n-bl-pt.jpg\u00a0\u00bb src_phone=\u00a0\u00bbhttp:\/\/chatelmotorshow.ch\/wp-content\/uploads\/2025\/07\/ACS-FR-n-bl-pt.jpg\u00a0\u00bb src_last_edited=\u00a0\u00bbon|phone\u00a0\u00bb disabled_on=\u00a0\u00bboff|off|off\u00a0\u00bb _builder_version=\u00a0\u00bb4.27.4&Prime; _module_preset=\u00a0\u00bbdefault\u00a0\u00bb width=\u00a0\u00bb118.8%\u00a0\u00bb min_height=\u00a0\u00bb195.3px\u00a0\u00bb custom_margin=\u00a0\u00bb|-43px|86px|||\u00a0\u00bb custom_padding=\u00a0\u00bb2px|142px|58px|||\u00a0\u00bb global_colors_info=\u00a0\u00bb{}\u00a0\u00bb][\/et_pb_image][\/et_pb_column][et_pb_column type=\u00a0\u00bb1_3&Prime; _builder_version=\u00a0\u00bb4.20.4&Prime; _module_preset=\u00a0\u00bbdefault\u00a0\u00bb global_colors_info=\u00a0\u00bb{}\u00a0\u00bb][et_pb_image src=\u00a0\u00bbhttp:\/\/chatelmotorshow.ch\/wp-content\/uploads\/2024\/08\/Helvetia.jpg\u00a0\u00bb title_text=\u00a0\u00bbHelvetia\u00a0\u00bb src_tablet=\u00a0\u00bbhttp:\/\/chatelmotorshow.ch\/wp-content\/uploads\/2024\/08\/R.-Peter-AG.png\u00a0\u00bb src_phone=\u00a0\u00bbhttp:\/\/chatelmotorshow.ch\/wp-content\/uploads\/2024\/08\/R.-Peter-AG.png\u00a0\u00bb src_last_edited=\u00a0\u00bboff|desktop\u00a0\u00bb disabled_on=\u00a0\u00bboff|off|off\u00a0\u00bb _builder_version=\u00a0\u00bb4.24.2&Prime; _module_preset=\u00a0\u00bbdefault\u00a0\u00bb custom_margin=\u00a0\u00bb||86px|||\u00a0\u00bb custom_padding=\u00a0\u00bb2px|9px||||\u00a0\u00bb global_colors_info=\u00a0\u00bb{}\u00a0\u00bb][\/et_pb_image][\/et_pb_column][\/et_pb_row][et_pb_row column_structure=\u00a0\u00bb1_3,1_3,1_3&Prime; _builder_version=\u00a0\u00bb4.27.4&Prime; _module_preset=\u00a0\u00bbdefault\u00a0\u00bb min_height=\u00a0\u00bb314px\u00a0\u00bb custom_margin=\u00a0\u00bb-104px|auto|39px|auto||\u00a0\u00bb custom_padding=\u00a0\u00bb91px|||||\u00a0\u00bb global_colors_info=\u00a0\u00bb{}\u00a0\u00bb][et_pb_column type=\u00a0\u00bb1_3&Prime; _builder_version=\u00a0\u00bb4.20.4&Prime; _module_preset=\u00a0\u00bbdefault\u00a0\u00bb global_colors_info=\u00a0\u00bb{}\u00a0\u00bb][et_pb_image src=\u00a0\u00bbhttp:\/\/chatelmotorshow.ch\/wp-content\/uploads\/2024\/07\/Pilloud-Auto-electricite.png\u00a0\u00bb title_text=\u00a0\u00bbPilloud Auto-\u00e9l\u00e9ctricit\u00e9\u00a0\u00bb src_tablet=\u00a0\u00bbhttp:\/\/chatelmotorshow.ch\/wp-content\/uploads\/2024\/07\/Pilloud-Auto-electricite.png\u00a0\u00bb src_phone=\u00a0\u00bbhttp:\/\/chatelmotorshow.ch\/wp-content\/uploads\/2024\/07\/Pilloud-Auto-electricite.png\u00a0\u00bb src_last_edited=\u00a0\u00bbon|phone\u00a0\u00bb disabled_on=\u00a0\u00bboff|off|off\u00a0\u00bb _builder_version=\u00a0\u00bb4.27.5&Prime; _module_preset=\u00a0\u00bbdefault\u00a0\u00bb width=\u00a0\u00bb118.8%\u00a0\u00bb custom_margin=\u00a0\u00bb|-43px|86px|||\u00a0\u00bb custom_padding=\u00a0\u00bb2px|54px|58px|||\u00a0\u00bb hover_enabled=\u00a0\u00bb0&Prime; global_colors_info=\u00a0\u00bb{}\u00a0\u00bb sticky_enabled=\u00a0\u00bb0&Prime;][\/et_pb_image][\/et_pb_column][et_pb_column type=\u00a0\u00bb1_3&Prime; _builder_version=\u00a0\u00bb4.20.4&Prime; _module_preset=\u00a0\u00bbdefault\u00a0\u00bb global_colors_info=\u00a0\u00bb{}\u00a0\u00bb][et_pb_image src=\u00a0\u00bbhttp:\/\/chatelmotorshow.ch\/wp-content\/uploads\/2025\/07\/ACS-FR-n-bl-pt.jpg\u00a0\u00bb title_text=\u00a0\u00bbACS-FR n-bl-pt\u00a0\u00bb src_tablet=\u00a0\u00bbhttp:\/\/chatelmotorshow.ch\/wp-content\/uploads\/2025\/07\/ACS-FR-n-bl-pt.jpg\u00a0\u00bb src_phone=\u00a0\u00bbhttp:\/\/chatelmotorshow.ch\/wp-content\/uploads\/2025\/07\/ACS-FR-n-bl-pt.jpg\u00a0\u00bb src_last_edited=\u00a0\u00bbon|phone\u00a0\u00bb disabled_on=\u00a0\u00bbon|on|on\u00a0\u00bb _builder_version=\u00a0\u00bb4.27.5&Prime; _module_preset=\u00a0\u00bbdefault\u00a0\u00bb width=\u00a0\u00bb118.8%\u00a0\u00bb min_height=\u00a0\u00bb195.3px\u00a0\u00bb custom_margin=\u00a0\u00bb|-43px|86px|||\u00a0\u00bb custom_padding=\u00a0\u00bb2px|142px|58px|||\u00a0\u00bb hover_enabled=\u00a0\u00bb0&Prime; global_colors_info=\u00a0\u00bb{}\u00a0\u00bb disabled=\u00a0\u00bbon\u00a0\u00bb sticky_enabled=\u00a0\u00bb0&Prime;][\/et_pb_image][\/et_pb_column][et_pb_column type=\u00a0\u00bb1_3&Prime; _builder_version=\u00a0\u00bb4.20.4&Prime; _module_preset=\u00a0\u00bbdefault\u00a0\u00bb global_colors_info=\u00a0\u00bb{}\u00a0\u00bb][et_pb_image src=\u00a0\u00bbhttp:\/\/chatelmotorshow.ch\/wp-content\/uploads\/2024\/08\/Helvetia.jpg\u00a0\u00bb title_text=\u00a0\u00bbHelvetia\u00a0\u00bb src_tablet=\u00a0\u00bbhttp:\/\/chatelmotorshow.ch\/wp-content\/uploads\/2024\/08\/R.-Peter-AG.png\u00a0\u00bb src_phone=\u00a0\u00bbhttp:\/\/chatelmotorshow.ch\/wp-content\/uploads\/2024\/08\/R.-Peter-AG.png\u00a0\u00bb src_last_edited=\u00a0\u00bboff|desktop\u00a0\u00bb disabled_on=\u00a0\u00bbon|on|on\u00a0\u00bb _builder_version=\u00a0\u00bb4.27.5&Prime; _module_preset=\u00a0\u00bbdefault\u00a0\u00bb custom_margin=\u00a0\u00bb||86px|||\u00a0\u00bb custom_padding=\u00a0\u00bb2px|9px||||\u00a0\u00bb hover_enabled=\u00a0\u00bb0&Prime; global_colors_info=\u00a0\u00bb{}\u00a0\u00bb disabled=\u00a0\u00bbon\u00a0\u00bb sticky_enabled=\u00a0\u00bb0&Prime;][\/et_pb_image][\/et_pb_column][\/et_pb_row][\/et_pb_section]<\/p>\n","protected":false},"excerpt":{"rendered":"<p>SponsorsSi vous souhaitez sponsoriser l&rsquo;\u00e9venement, veuillez nous faire un mail \u00e0 chatelmotorshow@gmail.com.T\u00e9l\u00e9charger le dossier sponsoring 2026<\/p>\n","protected":false},"author":1,"featured_media":0,"parent":0,"menu_order":5,"comment_status":"closed","ping_status":"closed","template":"","meta":{"_et_pb_use_builder":"on","_et_pb_old_content":"","_et_gb_content_width":"","footnotes":""},"class_list":["post-70","page","type-page","status-publish","hentry"],"_links":{"self":[{"href":"https:\/\/chatelmotorshow.ch\/index.php\/wp-json\/wp\/v2\/pages\/70","targetHints":{"allow":["GET"]}}],"collection":[{"href":"https:\/\/chatelmotorshow.ch\/index.php\/wp-json\/wp\/v2\/pages"}],"about":[{"href":"https:\/\/chatelmotorshow.ch\/index.php\/wp-json\/wp\/v2\/types\/page"}],"author":[{"embeddable":true,"href":"https:\/\/chatelmotorshow.ch\/index.php\/wp-json\/wp\/v2\/users\/1"}],"replies":[{"embeddable":true,"href":"https:\/\/chatelmotorshow.ch\/index.php\/wp-json\/wp\/v2\/comments?post=70"}],"version-history":[{"count":78,"href":"https:\/\/chatelmotorshow.ch\/index.php\/wp-json\/wp\/v2\/pages\/70\/revisions"}],"predecessor-version":[{"id":1304,"href":"https:\/\/chatelmotorshow.ch\/index.php\/wp-json\/wp\/v2\/pages\/70\/revisions\/1304"}],"wp:attachment":[{"href":"https:\/\/chatelmotorshow.ch\/index.php\/wp-json\/wp\/v2\/media?parent=70"}],"curies":[{"name":"wp","href":"https:\/\/api.w.org\/{rel}","templated":true}]}}